{"id":3107,"date":"2022-01-20T15:22:30","date_gmt":"2022-01-20T15:22:30","guid":{"rendered":"https:\/\/www.martin-transports.ch\/ein-angebot-bekommen\/"},"modified":"2022-05-12T19:52:47","modified_gmt":"2022-05-12T19:52:47","slug":"ein-angebot-bekommen","status":"publish","type":"page","link":"https:\/\/www.martin-transports.ch\/de\/ein-angebot-bekommen\/","title":{"rendered":"Ein angebot bekommen"},"content":{"rendered":"\t\t<div data-elementor-type=\"wp-page\" data-elementor-id=\"3107\" class=\"elementor elementor-3107 elementor-2111\" data-elementor-post-type=\"page\">\n\t\t\t\t\t\t<section class=\"elementor-section elementor-top-section elementor-element elementor-element-2e5d498 elementor-section-height-min-height elementor-section-items-stretch elementor-section-boxed elementor-section-height-default\" data-id=\"2e5d498\" data-element_type=\"section\" data-settings=\"{&quot;background_background&quot;:&quot;classic&quot;}\">\n\t\t\t\t\t\t<div class=\"elementor-container elementor-column-gap-default\">\n\t\t\t\t\t<div class=\"elementor-column elementor-col-50 elementor-top-column elementor-element elementor-element-e34001d\" data-id=\"e34001d\" data-element_type=\"column\" data-settings=\"{&quot;background_background&quot;:&quot;classic&quot;}\">\n\t\t\t<div class=\"elementor-widget-wrap elementor-element-populated\">\n\t\t\t\t\t\t<section class=\"elementor-section elementor-inner-section elementor-element elementor-element-401509c elementor-section-boxed elementor-section-height-default elementor-section-height-default\" data-id=\"401509c\" data-element_type=\"section\">\n\t\t\t\t\t\t<div class=\"elementor-container elementor-column-gap-default\">\n\t\t\t\t\t<div class=\"elementor-column elementor-col-100 elementor-inner-column elementor-element elementor-element-5bfa26c\" data-id=\"5bfa26c\" data-element_type=\"column\">\n\t\t\t<div class=\"elementor-widget-wrap elementor-element-populated\">\n\t\t\t\t\t\t<div class=\"elementor-element elementor-element-f326d7b elementor-widget elementor-widget-heading\" data-id=\"f326d7b\" data-element_type=\"widget\" data-widget_type=\"heading.default\">\n\t\t\t\t<div class=\"elementor-widget-container\">\n\t\t\t\t\t<h1 class=\"elementor-heading-title elementor-size-default\">Angebotsanfrage<\/h1>\t\t\t\t<\/div>\n\t\t\t\t<\/div>\n\t\t\t\t<div class=\"elementor-element elementor-element-c1e3f24 elementor-widget elementor-widget-shortcode\" data-id=\"c1e3f24\" data-element_type=\"widget\" data-widget_type=\"shortcode.default\">\n\t\t\t\t<div class=\"elementor-widget-container\">\n\t\t\t\t\t\t\t<div class=\"elementor-shortcode\">[forminator_form id=\"2110\"]<\/div>\n\t\t\t\t\t\t<\/div>\n\t\t\t\t<\/div>\n\t\t\t\t\t<\/div>\n\t\t<\/div>\n\t\t\t\t\t<\/div>\n\t\t<\/section>\n\t\t\t\t\t<\/div>\n\t\t<\/div>\n\t\t\t\t<div class=\"elementor-column elementor-col-50 elementor-top-column elementor-element elementor-element-b81d41c\" data-id=\"b81d41c\" data-element_type=\"column\" data-settings=\"{&quot;background_background&quot;:&quot;classic&quot;}\">\n\t\t\t<div class=\"elementor-widget-wrap elementor-element-populated\">\n\t\t\t\t\t<div class=\"elementor-background-overlay\"><\/div>\n\t\t\t\t\t\t<section class=\"elementor-section elementor-inner-section elementor-element elementor-element-5872eba elementor-section-boxed elementor-section-height-default elementor-section-height-default\" data-id=\"5872eba\" data-element_type=\"section\">\n\t\t\t\t\t\t<div class=\"elementor-container elementor-column-gap-default\">\n\t\t\t\t\t<div class=\"elementor-column elementor-col-100 elementor-inner-column elementor-element elementor-element-7dff8da\" data-id=\"7dff8da\" data-element_type=\"column\">\n\t\t\t<div class=\"elementor-widget-wrap elementor-element-populated\">\n\t\t\t\t\t\t<div class=\"elementor-element elementor-element-5b43717 elementor-widget elementor-widget-heading\" data-id=\"5b43717\" data-element_type=\"widget\" data-widget_type=\"heading.default\">\n\t\t\t\t<div class=\"elementor-widget-container\">\n\t\t\t\t\t<h2 class=\"elementor-heading-title elementor-size-default\">N\u00fctzliche Informationen:<\/h2>\t\t\t\t<\/div>\n\t\t\t\t<\/div>\n\t\t\t\t<div class=\"elementor-element elementor-element-09808db elementor-mobile-align-left elementor-icon-list--layout-traditional elementor-list-item-link-full_width elementor-widget elementor-widget-icon-list\" data-id=\"09808db\" data-element_type=\"widget\" data-widget_type=\"icon-list.default\">\n\t\t\t\t<div class=\"elementor-widget-container\">\n\t\t\t\t\t\t\t<ul class=\"elementor-icon-list-items\">\n\t\t\t\t\t\t\t<li class=\"elementor-icon-list-item\">\n\t\t\t\t\t\t\t\t\t\t\t<a href=\"tel:+410274518080\">\n\n\t\t\t\t\t\t\t\t\t\t\t\t<span class=\"elementor-icon-list-icon\">\n\t\t\t\t\t\t\t<i aria-hidden=\"true\" class=\"fas fa-phone-alt\"><\/i>\t\t\t\t\t\t<\/span>\n\t\t\t\t\t\t\t\t\t\t<span class=\"elementor-icon-list-text\">+ 41 (0)27 451 80 80<\/span>\n\t\t\t\t\t\t\t\t\t\t\t<\/a>\n\t\t\t\t\t\t\t\t\t<\/li>\n\t\t\t\t\t\t\t\t<li class=\"elementor-icon-list-item\">\n\t\t\t\t\t\t\t\t\t\t\t<a href=\"mailto:info@martin-transports.ch\">\n\n\t\t\t\t\t\t\t\t\t\t\t\t<span class=\"elementor-icon-list-icon\">\n\t\t\t\t\t\t\t<i aria-hidden=\"true\" class=\"fas fa-envelope\"><\/i>\t\t\t\t\t\t<\/span>\n\t\t\t\t\t\t\t\t\t\t<span class=\"elementor-icon-list-text\">info@martin-transports.ch<\/span>\n\t\t\t\t\t\t\t\t\t\t\t<\/a>\n\t\t\t\t\t\t\t\t\t<\/li>\n\t\t\t\t\t\t\t\t<li class=\"elementor-icon-list-item\">\n\t\t\t\t\t\t\t\t\t\t\t<span class=\"elementor-icon-list-icon\">\n\t\t\t\t\t\t\t<i aria-hidden=\"true\" class=\"fas fa-clock\"><\/i>\t\t\t\t\t\t<\/span>\n\t\t\t\t\t\t\t\t\t\t<span class=\"elementor-icon-list-text\">Mo \u2013 Fr 07:30 \u2013 18:00 Uhr<\/span>\n\t\t\t\t\t\t\t\t\t<\/li>\n\t\t\t\t\t\t<\/ul>\n\t\t\t\t\t\t<\/div>\n\t\t\t\t<\/div>\n\t\t\t\t\t<\/div>\n\t\t<\/div>\n\t\t\t\t\t<\/div>\n\t\t<\/section>\n\t\t\t\t\t<\/div>\n\t\t<\/div>\n\t\t\t\t\t<\/div>\n\t\t<\/section>\n\t\t\t\t<\/div>\n\t\t","protected":false},"excerpt":{"rendered":"<p>Angebotsanfrage [forminator_form id=&#8220;2110&#8243;] N\u00fctzliche Informationen: + 41 (0)27 451 80 80 info@martin-transports.ch Mo \u2013 Fr 07:30 \u2013 18:00 Uhr<\/p>\n","protected":false},"author":1,"featured_media":0,"parent":0,"menu_order":0,"comment_status":"closed","ping_status":"closed","template":"elementor_header_footer","meta":{"footnotes":""},"class_list":["post-3107","page","type-page","status-publish","hentry"],"yoast_head":"<!-- This site is optimized with the Yoast SEO plugin v24.6 - https:\/\/yoast.com\/wordpress\/plugins\/seo\/ -->\n<title>Martin Transports - Ein angebot bekommen<\/title>\n<meta name=\"description\" content=\"Erhalten Sie \u00fcber unser Anfrageformular schnell ein Angebot f\u00fcr Ihren Transport. Wir antworten Ihnen so schnell wie m\u00f6glich.\" \/>\n<meta name=\"robots\" content=\"index, follow, max-snippet:-1, max-image-preview:large, max-video-preview:-1\" \/>\n<link rel=\"canonical\" href=\"https:\/\/www.martin-transports.ch\/de\/ein-angebot-bekommen\/\" \/>\n<meta property=\"og:locale\" content=\"de_DE\" \/>\n<meta property=\"og:type\" content=\"article\" \/>\n<meta property=\"og:title\" content=\"Martin Transports - Ein angebot bekommen\" \/>\n<meta property=\"og:description\" content=\"Erhalten Sie \u00fcber unser Anfrageformular schnell ein Angebot f\u00fcr Ihren Transport. Wir antworten Ihnen so schnell wie m\u00f6glich.\" \/>\n<meta property=\"og:url\" content=\"https:\/\/www.martin-transports.ch\/de\/ein-angebot-bekommen\/\" \/>\n<meta property=\"og:site_name\" content=\"Martin Transports\" \/>\n<meta property=\"article:modified_time\" content=\"2022-05-12T19:52:47+00:00\" \/>\n<meta name=\"twitter:card\" content=\"summary_large_image\" \/>\n<meta name=\"twitter:label1\" content=\"Gesch\u00e4tzte Lesezeit\" \/>\n\t<meta name=\"twitter:data1\" content=\"1\u00a0Minute\" \/>\n<script type=\"application\/ld+json\" class=\"yoast-schema-graph\">{\"@context\":\"https:\/\/schema.org\",\"@graph\":[{\"@type\":\"WebPage\",\"@id\":\"https:\/\/www.martin-transports.ch\/de\/ein-angebot-bekommen\/\",\"url\":\"https:\/\/www.martin-transports.ch\/de\/ein-angebot-bekommen\/\",\"name\":\"Martin Transports - Ein angebot bekommen\",\"isPartOf\":{\"@id\":\"https:\/\/www.martin-transports.ch\/de\/#website\"},\"datePublished\":\"2022-01-20T15:22:30+00:00\",\"dateModified\":\"2022-05-12T19:52:47+00:00\",\"description\":\"Erhalten Sie \u00fcber unser Anfrageformular schnell ein Angebot f\u00fcr Ihren Transport. Wir antworten Ihnen so schnell wie m\u00f6glich.\",\"breadcrumb\":{\"@id\":\"https:\/\/www.martin-transports.ch\/de\/ein-angebot-bekommen\/#breadcrumb\"},\"inLanguage\":\"de\",\"potentialAction\":[{\"@type\":\"ReadAction\",\"target\":[\"https:\/\/www.martin-transports.ch\/de\/ein-angebot-bekommen\/\"]}]},{\"@type\":\"BreadcrumbList\",\"@id\":\"https:\/\/www.martin-transports.ch\/de\/ein-angebot-bekommen\/#breadcrumb\",\"itemListElement\":[{\"@type\":\"ListItem\",\"position\":1,\"name\":\"Accueil\",\"item\":\"https:\/\/www.martin-transports.ch\/de\/\"},{\"@type\":\"ListItem\",\"position\":2,\"name\":\"Ein angebot bekommen\"}]},{\"@type\":\"WebSite\",\"@id\":\"https:\/\/www.martin-transports.ch\/de\/#website\",\"url\":\"https:\/\/www.martin-transports.ch\/de\/\",\"name\":\"Martin Transports\",\"description\":\"BIENVENUE CHEZ MARTIN TRANSPORTS\",\"publisher\":{\"@id\":\"https:\/\/www.martin-transports.ch\/de\/#organization\"},\"potentialAction\":[{\"@type\":\"SearchAction\",\"target\":{\"@type\":\"EntryPoint\",\"urlTemplate\":\"https:\/\/www.martin-transports.ch\/de\/?s={search_term_string}\"},\"query-input\":{\"@type\":\"PropertyValueSpecification\",\"valueRequired\":true,\"valueName\":\"search_term_string\"}}],\"inLanguage\":\"de\"},{\"@type\":\"Organization\",\"@id\":\"https:\/\/www.martin-transports.ch\/de\/#organization\",\"name\":\"Martin Transports\",\"url\":\"https:\/\/www.martin-transports.ch\/de\/\",\"logo\":{\"@type\":\"ImageObject\",\"inLanguage\":\"de\",\"@id\":\"https:\/\/www.martin-transports.ch\/de\/#\/schema\/logo\/image\/\",\"url\":\"https:\/\/www.martin-transports.ch\/wp-content\/uploads\/2021\/11\/Logo_2-300x64-1.png\",\"contentUrl\":\"https:\/\/www.martin-transports.ch\/wp-content\/uploads\/2021\/11\/Logo_2-300x64-1.png\",\"width\":313,\"height\":67,\"caption\":\"Martin Transports\"},\"image\":{\"@id\":\"https:\/\/www.martin-transports.ch\/de\/#\/schema\/logo\/image\/\"}}]}<\/script>\n<!-- \/ Yoast SEO plugin. -->","yoast_head_json":{"title":"Martin Transports - Ein angebot bekommen","description":"Erhalten Sie \u00fcber unser Anfrageformular schnell ein Angebot f\u00fcr Ihren Transport. Wir antworten Ihnen so schnell wie m\u00f6glich.","robots":{"index":"index","follow":"follow","max-snippet":"max-snippet:-1","max-image-preview":"max-image-preview:large","max-video-preview":"max-video-preview:-1"},"canonical":"https:\/\/www.martin-transports.ch\/de\/ein-angebot-bekommen\/","og_locale":"de_DE","og_type":"article","og_title":"Martin Transports - Ein angebot bekommen","og_description":"Erhalten Sie \u00fcber unser Anfrageformular schnell ein Angebot f\u00fcr Ihren Transport. Wir antworten Ihnen so schnell wie m\u00f6glich.","og_url":"https:\/\/www.martin-transports.ch\/de\/ein-angebot-bekommen\/","og_site_name":"Martin Transports","article_modified_time":"2022-05-12T19:52:47+00:00","twitter_card":"summary_large_image","twitter_misc":{"Gesch\u00e4tzte Lesezeit":"1\u00a0Minute"},"schema":{"@context":"https:\/\/schema.org","@graph":[{"@type":"WebPage","@id":"https:\/\/www.martin-transports.ch\/de\/ein-angebot-bekommen\/","url":"https:\/\/www.martin-transports.ch\/de\/ein-angebot-bekommen\/","name":"Martin Transports - Ein angebot bekommen","isPartOf":{"@id":"https:\/\/www.martin-transports.ch\/de\/#website"},"datePublished":"2022-01-20T15:22:30+00:00","dateModified":"2022-05-12T19:52:47+00:00","description":"Erhalten Sie \u00fcber unser Anfrageformular schnell ein Angebot f\u00fcr Ihren Transport. Wir antworten Ihnen so schnell wie m\u00f6glich.","breadcrumb":{"@id":"https:\/\/www.martin-transports.ch\/de\/ein-angebot-bekommen\/#breadcrumb"},"inLanguage":"de","potentialAction":[{"@type":"ReadAction","target":["https:\/\/www.martin-transports.ch\/de\/ein-angebot-bekommen\/"]}]},{"@type":"BreadcrumbList","@id":"https:\/\/www.martin-transports.ch\/de\/ein-angebot-bekommen\/#breadcrumb","itemListElement":[{"@type":"ListItem","position":1,"name":"Accueil","item":"https:\/\/www.martin-transports.ch\/de\/"},{"@type":"ListItem","position":2,"name":"Ein angebot bekommen"}]},{"@type":"WebSite","@id":"https:\/\/www.martin-transports.ch\/de\/#website","url":"https:\/\/www.martin-transports.ch\/de\/","name":"Martin Transports","description":"BIENVENUE CHEZ MARTIN TRANSPORTS","publisher":{"@id":"https:\/\/www.martin-transports.ch\/de\/#organization"},"potentialAction":[{"@type":"SearchAction","target":{"@type":"EntryPoint","urlTemplate":"https:\/\/www.martin-transports.ch\/de\/?s={search_term_string}"},"query-input":{"@type":"PropertyValueSpecification","valueRequired":true,"valueName":"search_term_string"}}],"inLanguage":"de"},{"@type":"Organization","@id":"https:\/\/www.martin-transports.ch\/de\/#organization","name":"Martin Transports","url":"https:\/\/www.martin-transports.ch\/de\/","logo":{"@type":"ImageObject","inLanguage":"de","@id":"https:\/\/www.martin-transports.ch\/de\/#\/schema\/logo\/image\/","url":"https:\/\/www.martin-transports.ch\/wp-content\/uploads\/2021\/11\/Logo_2-300x64-1.png","contentUrl":"https:\/\/www.martin-transports.ch\/wp-content\/uploads\/2021\/11\/Logo_2-300x64-1.png","width":313,"height":67,"caption":"Martin Transports"},"image":{"@id":"https:\/\/www.martin-transports.ch\/de\/#\/schema\/logo\/image\/"}}]}},"_links":{"self":[{"href":"https:\/\/www.martin-transports.ch\/de\/wp-json\/wp\/v2\/pages\/3107","targetHints":{"allow":["GET"]}}],"collection":[{"href":"https:\/\/www.martin-transports.ch\/de\/wp-json\/wp\/v2\/pages"}],"about":[{"href":"https:\/\/www.martin-transports.ch\/de\/wp-json\/wp\/v2\/types\/page"}],"author":[{"embeddable":true,"href":"https:\/\/www.martin-transports.ch\/de\/wp-json\/wp\/v2\/users\/1"}],"replies":[{"embeddable":true,"href":"https:\/\/www.martin-transports.ch\/de\/wp-json\/wp\/v2\/comments?post=3107"}],"version-history":[{"count":12,"href":"https:\/\/www.martin-transports.ch\/de\/wp-json\/wp\/v2\/pages\/3107\/revisions"}],"predecessor-version":[{"id":4503,"href":"https:\/\/www.martin-transports.ch\/de\/wp-json\/wp\/v2\/pages\/3107\/revisions\/4503"}],"wp:attachment":[{"href":"https:\/\/www.martin-transports.ch\/de\/wp-json\/wp\/v2\/media?parent=3107"}],"curies":[{"name":"wp","href":"https:\/\/api.w.org\/{rel}","templated":true}]}}